{"id":640,"date":"2024-06-13T22:37:15","date_gmt":"2024-06-13T21:37:15","guid":{"rendered":"https:\/\/kopalniacamperpark.pl\/tarifs\/"},"modified":"2026-04-15T12:56:03","modified_gmt":"2026-04-15T11:56:03","slug":"tarifs","status":"publish","type":"page","link":"https:\/\/kopalniacamperpark.pl\/fr\/tarifs\/","title":{"rendered":"Tarifs"},"content":{"rendered":"<div class=\"fusion-fullwidth fullwidth-box fusion-builder-row-1 fusion-flex-container has-pattern-background has-mask-background nonhundred-percent-fullwidth non-hundred-percent-height-scrolling\" style=\"--awb-border-radius-top-left:0px;--awb-border-radius-top-right:0px;--awb-border-radius-bottom-right:0px;--awb-border-radius-bottom-left:0px;--awb-padding-top:60px;--awb-padding-bottom:60px;--awb-background-color:var(--awb-color3);--awb-flex-wrap:wrap;\" ><div class=\"fusion-builder-row fusion-row fusion-flex-align-items-flex-start fusion-flex-content-wrap\" style=\"max-width:1248px;margin-left: calc(-4% \/ 2 );margin-right: calc(-4% \/ 2 );\"><div class=\"fusion-layout-column fusion_builder_column fusion-builder-column-0 fusion_builder_column_1_2 1_2 fusion-flex-column\" style=\"--awb-bg-size:cover;--awb-width-large:50%;--awb-margin-top-large:0px;--awb-spacing-right-large:3.84%;--awb-margin-bottom-large:0px;--awb-spacing-left-large:3.84%;--awb-width-medium:50%;--awb-order-medium:0;--awb-spacing-right-medium:3.84%;--awb-spacing-left-medium:3.84%;--awb-width-small:100%;--awb-order-small:0;--awb-spacing-right-small:1.92%;--awb-spacing-left-small:1.92%;\" data-scroll-devices=\"small-visibility,medium-visibility,large-visibility\"><div class=\"fusion-column-wrapper fusion-column-has-shadow fusion-flex-justify-content-flex-start fusion-content-layout-column\"><div class=\"fusion-title title fusion-title-1 sep-underline sep-solid fusion-title-text fusion-title-size-one\" style=\"--awb-text-color:var(--awb-color7);--awb-text-stroke-size:0px;--awb-sep-color:var(--awb-color5);--awb-font-size:40px;\"><h1 class=\"fusion-title-heading title-heading-left\" style=\"font-family:var(--awb-typography2-font-family);font-weight:var(--awb-typography2-font-weight);font-style:var(--awb-typography2-font-style);margin:0;font-size:1em;text-transform:uppercase;line-height:1.4;\">Tarifs<\/h1><\/div><\/div><\/div><div class=\"fusion-layout-column fusion_builder_column fusion-builder-column-1 fusion_builder_column_1_1 1_1 fusion-flex-column\" style=\"--awb-bg-size:cover;--awb-width-large:100%;--awb-margin-top-large:0px;--awb-spacing-right-large:1.92%;--awb-margin-bottom-large:20px;--awb-spacing-left-large:1.92%;--awb-width-medium:100%;--awb-order-medium:0;--awb-spacing-right-medium:1.92%;--awb-spacing-left-medium:1.92%;--awb-width-small:100%;--awb-order-small:0;--awb-spacing-right-small:1.92%;--awb-spacing-left-small:1.92%;\"><div class=\"fusion-column-wrapper fusion-column-has-shadow fusion-flex-justify-content-flex-start fusion-content-layout-column\"><div class=\"fusion-text fusion-text-1\"><p><strong>PARCELLES PREMIUM<\/strong> (le long du rivage) &#8211; suppl\u00e9ment de <strong>30 PLN<\/strong> par jour \u00e0 la facture totale.<\/p>\n<\/div><\/div><\/div><div class=\"fusion-layout-column fusion_builder_column fusion-builder-column-2 fusion_builder_column_1_1 1_1 fusion-flex-column\" style=\"--awb-bg-size:cover;--awb-width-large:100%;--awb-margin-top-large:0px;--awb-spacing-right-large:1.92%;--awb-margin-bottom-large:0px;--awb-spacing-left-large:1.92%;--awb-width-medium:100%;--awb-order-medium:0;--awb-spacing-right-medium:1.92%;--awb-spacing-left-medium:1.92%;--awb-width-small:100%;--awb-order-small:0;--awb-spacing-right-small:1.92%;--awb-spacing-left-small:1.92%;\"><div class=\"fusion-column-wrapper fusion-column-has-shadow fusion-flex-justify-content-flex-start fusion-content-layout-column\">\n<div class=\"table-2\">\n<table width=\"100%\">\n<thead>\n<tr>\n<th width=\"50%\">Type<\/th>\n<th>Prix<\/th>\n<\/tr>\n<\/thead>\n<tbody>\n<tr>\n<td>Campeur\/BUS\/VAN<\/td>\n<td>60 PLN \/ jour<\/td>\n<\/tr>\n<tr>\n<td>Voiture + Caravane<\/td>\n<td>85 PLN \/ jour<\/td>\n<\/tr>\n<tr>\n<td>Voiture<\/td>\n<td>25 PLN \/ jour<\/td>\n<\/tr>\n<\/tbody>\n<\/table>\n<\/div>\n<div class=\"fusion-separator fusion-full-width-sep\" style=\"align-self: center;margin-left: auto;margin-right: auto;margin-top:15px;margin-bottom:15px;width:100%;\"><\/div>\n<div class=\"table-2\">\n<table width=\"100%\">\n<thead>\n<tr>\n<th width=\"50%\">Type<\/th>\n<th>Prix<\/th>\n<\/tr>\n<\/thead>\n<tbody>\n<tr>\n<td>* S\u00e9jour pour 1 personne<\/td>\n<td>35 PLN \/ jour<\/td>\n<\/tr>\n<tr>\n<td>* S\u00e9jour pour enfants de 3 \u00e0 14 ans<\/td>\n<td>25 PLN \/ jour<\/td>\n<\/tr>\n<tr>\n<td>Chien<\/td>\n<td>Gratuit<\/td>\n<\/tr>\n<tr>\n<td>** Invit\u00e9s<\/td>\n<td>Billet d&rsquo;entr\u00e9e:<br \/>\n<strong>Plein tarif<\/strong>: 30 PLN;<br \/>\n<strong>Tarif r\u00e9duit<\/strong>: 25 PLN<\/td>\n<\/tr>\n<tr>\n<td>Parking<\/td>\n<td>20 PLN<\/td>\n<\/tr>\n<\/tbody>\n<\/table>\n<\/div>\n<div class=\"fusion-text fusion-text-2\" style=\"--awb-font-size:14px;--awb-line-height:var(--awb-typography4-line-height);--awb-letter-spacing:var(--awb-typography4-letter-spacing);--awb-text-transform:var(--awb-typography4-text-transform);--awb-text-color:var(--awb-color6);--awb-text-font-family:var(--awb-typography4-font-family);--awb-text-font-weight:var(--awb-typography4-font-weight);--awb-text-font-style:var(--awb-typography4-font-style);\"><p>* Le prix du s\u00e9jour comprend l&rsquo;acc\u00e8s illimit\u00e9 \u00e0 l&rsquo;installation r\u00e9cr\u00e9ative \u00ab\u00a0Kopalnia Wroc\u0142aw \u2013 Strefa Wakacji.\u00a0\u00bb<br \/>\n** Les visiteurs des r\u00e9sidents du Camper Park doivent payer des frais conform\u00e9ment \u00e0 la grille tarifaire de l&rsquo;installation r\u00e9cr\u00e9ative \u00ab\u00a0Kopalnia Wroc\u0142aw \u2013 Strefa Wakacji.\u00a0\u00bb<br \/>\n** Les visiteurs des r\u00e9sidents du Camper Park qui restent pour la nuit doivent payer des frais conform\u00e9ment \u00e0 la grille tarifaire du \u00ab\u00a0Kopalnia Camper Park.\u00a0\u00bb<\/p>\n<\/div><div class=\"fusion-separator fusion-full-width-sep\" style=\"align-self: center;margin-left: auto;margin-right: auto;margin-top:15px;margin-bottom:15px;width:100%;\"><\/div><\/div><\/div><div class=\"fusion-layout-column fusion_builder_column fusion-builder-column-3 fusion_builder_column_1_1 1_1 fusion-flex-column\" style=\"--awb-bg-size:cover;--awb-width-large:100%;--awb-margin-top-large:0px;--awb-spacing-right-large:1.92%;--awb-margin-bottom-large:0px;--awb-spacing-left-large:1.92%;--awb-width-medium:100%;--awb-order-medium:0;--awb-spacing-right-medium:1.92%;--awb-spacing-left-medium:1.92%;--awb-width-small:100%;--awb-order-small:0;--awb-spacing-right-small:1.92%;--awb-spacing-left-small:1.92%;\"><div class=\"fusion-column-wrapper fusion-column-has-shadow fusion-flex-justify-content-flex-start fusion-content-layout-column\"><div class=\"fusion-title title fusion-title-2 sep-underline sep-solid fusion-title-center fusion-title-text fusion-title-size-one\" style=\"--awb-text-color:var(--awb-color7);--awb-text-stroke-size:0px;--awb-sep-color:var(--awb-color5);--awb-font-size:40px;\"><h1 class=\"fusion-title-heading title-heading-center\" style=\"font-family:var(--awb-typography2-font-family);font-weight:var(--awb-typography2-font-weight);font-style:var(--awb-typography2-font-style);margin:0;font-size:1em;text-transform:uppercase;line-height:1.4;\">Suppl\u00e9ments<\/h1><\/div><\/div><\/div><div class=\"fusion-layout-column fusion_builder_column fusion-builder-column-4 fusion_builder_column_1_1 1_1 fusion-flex-column\" style=\"--awb-bg-size:cover;--awb-width-large:100%;--awb-margin-top-large:0px;--awb-spacing-right-large:1.92%;--awb-margin-bottom-large:0px;--awb-spacing-left-large:1.92%;--awb-width-medium:100%;--awb-order-medium:0;--awb-spacing-right-medium:1.92%;--awb-spacing-left-medium:1.92%;--awb-width-small:100%;--awb-order-small:0;--awb-spacing-right-small:1.92%;--awb-spacing-left-small:1.92%;\"><div class=\"fusion-column-wrapper fusion-column-has-shadow fusion-flex-justify-content-flex-start fusion-content-layout-column\">\n<div class=\"table-2\">\n<table width=\"100%\">\n<thead>\n<tr>\n<th width=\"50%\">Type<\/th>\n<th>Prix<\/th>\n<\/tr>\n<\/thead>\n<tbody>\n<tr>\n<td>\u00c9lectricit\u00e9<\/td>\n<td>inclus<\/td>\n<\/tr>\n<tr>\n<td>Branchement d&rsquo;eau<\/td>\n<td>inclus<\/td>\n<\/tr>\n<tr>\n<td>\u00c9gouts (eaux grises et noires)<\/td>\n<td>inclus<\/td>\n<\/tr>\n<\/tbody>\n<\/table>\n<\/div>\n<div class=\"fusion-separator fusion-full-width-sep\" style=\"align-self: center;margin-left: auto;margin-right: auto;margin-top:15px;margin-bottom:15px;width:100%;\"><\/div><\/div><\/div><div class=\"fusion-layout-column fusion_builder_column fusion-builder-column-5 fusion_builder_column_1_1 1_1 fusion-flex-column\" style=\"--awb-bg-size:cover;--awb-width-large:100%;--awb-margin-top-large:0px;--awb-spacing-right-large:1.92%;--awb-margin-bottom-large:0px;--awb-spacing-left-large:1.92%;--awb-width-medium:100%;--awb-order-medium:0;--awb-spacing-right-medium:1.92%;--awb-spacing-left-medium:1.92%;--awb-width-small:100%;--awb-order-small:0;--awb-spacing-right-small:1.92%;--awb-spacing-left-small:1.92%;\"><div class=\"fusion-column-wrapper fusion-column-has-shadow fusion-flex-justify-content-flex-start fusion-content-layout-column\"><div class=\"fusion-title title fusion-title-3 sep-underline sep-solid fusion-title-center fusion-title-text fusion-title-size-one\" style=\"--awb-text-color:var(--awb-color7);--awb-text-stroke-size:0px;--awb-sep-color:var(--awb-color5);--awb-font-size:40px;\"><h1 class=\"fusion-title-heading title-heading-center\" style=\"font-family:var(--awb-typography2-font-family);font-weight:var(--awb-typography2-font-weight);font-style:var(--awb-typography2-font-style);margin:0;font-size:1em;text-transform:uppercase;line-height:1.4;\">Attractions aquatiques<\/h1><\/div><\/div><\/div><div class=\"fusion-layout-column fusion_builder_column fusion-builder-column-6 fusion_builder_column_1_1 1_1 fusion-flex-column\" style=\"--awb-bg-size:cover;--awb-width-large:100%;--awb-margin-top-large:0px;--awb-spacing-right-large:1.92%;--awb-margin-bottom-large:0px;--awb-spacing-left-large:1.92%;--awb-width-medium:100%;--awb-order-medium:0;--awb-spacing-right-medium:1.92%;--awb-spacing-left-medium:1.92%;--awb-width-small:100%;--awb-order-small:0;--awb-spacing-right-small:1.92%;--awb-spacing-left-small:1.92%;\"><div class=\"fusion-column-wrapper fusion-column-has-shadow fusion-flex-justify-content-flex-start fusion-content-layout-column\">\n<div class=\"table-2\">\n<table width=\"100%\">\n<thead>\n<tr>\n<th width=\"50%\">Type<\/th>\n<th>Prix<\/th>\n<\/tr>\n<\/thead>\n<tbody>\n<tr>\n<td>Flyboard<\/td>\n<td>R\u00e9servations via le site : <a href=\"https:\/\/fly-board.pl\" target=\"_blank\" rel=\"noopener\">fly-board.pl<\/a><\/td>\n<\/tr>\n<tr>\n<td>Planche SUP<\/td>\n<td>35 PLN \/ 60 min<\/td>\n<\/tr>\n<tr>\n<td>Kayak<\/td>\n<td>35 PLN \/ 60 min<\/td>\n<\/tr>\n<tr>\n<td>P\u00e9dalo<\/td>\n<td>55 PLN \/ 60 min<\/td>\n<\/tr>\n<tr>\n<td>Entr\u00e9e au <strong>PARC AQUATIQUE<\/strong><\/td>\n<td>35 PLN \/ 30 min<\/td>\n<\/tr>\n<\/tbody>\n<\/table>\n<\/div>\n<div class=\"fusion-text fusion-text-3\" style=\"--awb-font-size:14px;--awb-line-height:var(--awb-typography4-line-height);--awb-letter-spacing:var(--awb-typography4-letter-spacing);--awb-text-transform:var(--awb-typography4-text-transform);--awb-text-color:var(--awb-color6);--awb-text-font-family:var(--awb-typography4-font-family);--awb-text-font-weight:var(--awb-typography4-font-weight);--awb-text-font-style:var(--awb-typography4-font-style);\"><p>* L&rsquo;utilisation du parcours d&rsquo;obstacles aquatiques est autoris\u00e9e uniquement pour les personnes sachant nager et \u00e2g\u00e9es de plus de 6 ans.<br \/>\nLes enfants de moins de 10 ans ne peuvent utiliser le parcours d&rsquo;obstacles aquatiques QU&rsquo;ACCOMPAGN\u00c9S d&rsquo;un adulte (LES ACCOMPAGNATEURS ENTRENT GRATUITEMENT).<\/p>\n<\/div><div class=\"fusion-separator fusion-full-width-sep\" style=\"align-self: center;margin-left: auto;margin-right: auto;margin-top:15px;margin-bottom:15px;width:100%;\"><\/div><\/div><\/div><div class=\"fusion-layout-column fusion_builder_column fusion-builder-column-7 fusion_builder_column_1_1 1_1 fusion-flex-column\" style=\"--awb-bg-size:cover;--awb-width-large:100%;--awb-margin-top-large:0px;--awb-spacing-right-large:1.92%;--awb-margin-bottom-large:0px;--awb-spacing-left-large:1.92%;--awb-width-medium:100%;--awb-order-medium:0;--awb-spacing-right-medium:1.92%;--awb-spacing-left-medium:1.92%;--awb-width-small:100%;--awb-order-small:0;--awb-spacing-right-small:1.92%;--awb-spacing-left-small:1.92%;\"><div class=\"fusion-column-wrapper fusion-column-has-shadow fusion-flex-justify-content-flex-start fusion-content-layout-column\"><div class=\"fusion-title title fusion-title-4 sep-underline sep-solid fusion-title-center fusion-title-text fusion-title-size-one\" style=\"--awb-text-color:var(--awb-color7);--awb-text-stroke-size:0px;--awb-sep-color:var(--awb-color5);--awb-font-size:40px;\"><h1 class=\"fusion-title-heading title-heading-center\" style=\"font-family:var(--awb-typography2-font-family);font-weight:var(--awb-typography2-font-weight);font-style:var(--awb-typography2-font-style);margin:0;font-size:1em;text-transform:uppercase;line-height:1.4;\">Location d&rsquo;\u00e9quipement de loisirs<\/h1><\/div><\/div><\/div><div class=\"fusion-layout-column fusion_builder_column fusion-builder-column-8 fusion_builder_column_1_1 1_1 fusion-flex-column\" style=\"--awb-bg-size:cover;--awb-width-large:100%;--awb-margin-top-large:0px;--awb-spacing-right-large:1.92%;--awb-margin-bottom-large:0px;--awb-spacing-left-large:1.92%;--awb-width-medium:100%;--awb-order-medium:0;--awb-spacing-right-medium:1.92%;--awb-spacing-left-medium:1.92%;--awb-width-small:100%;--awb-order-small:0;--awb-spacing-right-small:1.92%;--awb-spacing-left-small:1.92%;\"><div class=\"fusion-column-wrapper fusion-column-has-shadow fusion-flex-justify-content-flex-start fusion-content-layout-column\">\n<div class=\"table-2\">\n<table width=\"100%\">\n<thead>\n<tr>\n<th width=\"50%\">Type<\/th>\n<th>Prix<\/th>\n<\/tr>\n<\/thead>\n<tbody>\n<tr>\n<td>Chaise longue pliante<\/td>\n<td>15 PLN \/ jour<\/td>\n<\/tr>\n<tr>\n<td>Grand parasol + 2 chaises longues + table<\/td>\n<td>100 PLN \/ dzie\u0144<br \/>\n<strong>Apr\u00e8s 17h00: <\/strong> 50 PLN<\/td>\n<\/tr>\n<\/tbody>\n<\/table>\n<\/div>\n<div class=\"fusion-text fusion-text-4\" style=\"--awb-font-size:14px;--awb-line-height:var(--awb-typography4-line-height);--awb-letter-spacing:var(--awb-typography4-letter-spacing);--awb-text-transform:var(--awb-typography4-text-transform);--awb-text-color:var(--awb-color6);--awb-text-font-family:var(--awb-typography4-font-family);--awb-text-font-weight:var(--awb-typography4-font-weight);--awb-text-font-style:var(--awb-typography4-font-style);\"><p>* L&rsquo;utilisation du parcours d&rsquo;obstacles aquatiques est autoris\u00e9e uniquement pour les personnes sachant nager et \u00e2g\u00e9es de plus de 6 ans.<br \/>\nLes enfants de moins de 10 ans ne peuvent utiliser le parcours d&rsquo;obstacles aquatiques QU&rsquo;ACCOMPAGN\u00c9S d&rsquo;un adulte (LES ACCOMPAGNATEURS ENTRENT GRATUITEMENT).<\/p>\n<\/div><div class=\"fusion-separator fusion-full-width-sep\" style=\"align-self: center;margin-left: auto;margin-right: auto;margin-top:15px;margin-bottom:15px;width:100%;\"><\/div><\/div><\/div><div class=\"fusion-layout-column fusion_builder_column fusion-builder-column-9 fusion_builder_column_1_1 1_1 fusion-flex-column\" style=\"--awb-bg-size:cover;--awb-width-large:100%;--awb-margin-top-large:0px;--awb-spacing-right-large:1.92%;--awb-margin-bottom-large:0px;--awb-spacing-left-large:1.92%;--awb-width-medium:100%;--awb-order-medium:0;--awb-spacing-right-medium:1.92%;--awb-spacing-left-medium:1.92%;--awb-width-small:100%;--awb-order-small:0;--awb-spacing-right-small:1.92%;--awb-spacing-left-small:1.92%;\"><div class=\"fusion-column-wrapper fusion-column-has-shadow fusion-flex-justify-content-flex-start fusion-content-layout-column\"><div class=\"fusion-title title fusion-title-5 sep-underline sep-solid fusion-title-center fusion-title-text fusion-title-size-one\" style=\"--awb-text-color:var(--awb-color7);--awb-text-stroke-size:0px;--awb-sep-color:var(--awb-color5);--awb-font-size:40px;\"><h1 class=\"fusion-title-heading title-heading-center\" style=\"font-family:var(--awb-typography2-font-family);font-weight:var(--awb-typography2-font-weight);font-style:var(--awb-typography2-font-style);margin:0;font-size:1em;text-transform:uppercase;line-height:1.4;\">Location d&rsquo;\u00e9quipement sportif<\/h1><\/div><\/div><\/div><div class=\"fusion-layout-column fusion_builder_column fusion-builder-column-10 fusion_builder_column_1_1 1_1 fusion-flex-column\" style=\"--awb-bg-size:cover;--awb-width-large:100%;--awb-margin-top-large:0px;--awb-spacing-right-large:1.92%;--awb-margin-bottom-large:0px;--awb-spacing-left-large:1.92%;--awb-width-medium:100%;--awb-order-medium:0;--awb-spacing-right-medium:1.92%;--awb-spacing-left-medium:1.92%;--awb-width-small:100%;--awb-order-small:0;--awb-spacing-right-small:1.92%;--awb-spacing-left-small:1.92%;\"><div class=\"fusion-column-wrapper fusion-column-has-shadow fusion-flex-justify-content-flex-start fusion-content-layout-column\">\n<div class=\"table-2\">\n<table width=\"100%\">\n<thead>\n<tr>\n<th width=\"50%\">Type<\/th>\n<th>Prix<\/th>\n<\/tr>\n<\/thead>\n<tbody>\n<tr>\n<td>Balle \/ Ballon de volley<\/td>\n<td>5 PLN \/ godz<br \/>\n20 PLN \/ dzie\u0144<\/td>\n<\/tr>\n<tr>\n<td>Frisbee<\/td>\n<td>5 PLN \/ heure<br \/>\n20 PLN \/ jour<\/td>\n<\/tr>\n<tr>\n<td>Boules (P\u00e9tanque)<\/td>\n<td>5 PLN \/ heure<br \/>\n30 PLN \/ jour<\/td>\n<\/tr>\n<tr>\n<td>Set de badminton (4 raquettes + volant)<\/td>\n<td>10 PLN \/ heure<br \/>\n40 PLN \/ jour<\/td>\n<\/tr>\n<tr>\n<td>Set de tennis de plage<\/td>\n<td>10 PLN \/ heure<br \/>\n40 PLN \/ jour<\/td>\n<\/tr>\n<tr>\n<td>Gilet de sauvetage<\/td>\n<td>20 PLN \/ jour<\/td>\n<\/tr>\n<\/tbody>\n<\/table>\n<\/div>\n<div class=\"fusion-separator fusion-full-width-sep\" style=\"align-self: center;margin-left: auto;margin-right: auto;margin-top:15px;margin-bottom:15px;width:100%;\"><\/div><\/div><\/div><\/div><\/div>\n","protected":false},"excerpt":{"rendered":"","protected":false},"author":2,"featured_media":0,"parent":0,"menu_order":2,"comment_status":"closed","ping_status":"closed","template":"100-width.php","meta":{"footnotes":""},"class_list":["post-640","page","type-page","status-publish","hentry"],"_links":{"self":[{"href":"https:\/\/kopalniacamperpark.pl\/fr\/wp-json\/wp\/v2\/pages\/640","targetHints":{"allow":["GET"]}}],"collection":[{"href":"https:\/\/kopalniacamperpark.pl\/fr\/wp-json\/wp\/v2\/pages"}],"about":[{"href":"https:\/\/kopalniacamperpark.pl\/fr\/wp-json\/wp\/v2\/types\/page"}],"author":[{"embeddable":true,"href":"https:\/\/kopalniacamperpark.pl\/fr\/wp-json\/wp\/v2\/users\/2"}],"replies":[{"embeddable":true,"href":"https:\/\/kopalniacamperpark.pl\/fr\/wp-json\/wp\/v2\/comments?post=640"}],"version-history":[{"count":5,"href":"https:\/\/kopalniacamperpark.pl\/fr\/wp-json\/wp\/v2\/pages\/640\/revisions"}],"predecessor-version":[{"id":1445,"href":"https:\/\/kopalniacamperpark.pl\/fr\/wp-json\/wp\/v2\/pages\/640\/revisions\/1445"}],"wp:attachment":[{"href":"https:\/\/kopalniacamperpark.pl\/fr\/wp-json\/wp\/v2\/media?parent=640"}],"curies":[{"name":"wp","href":"https:\/\/api.w.org\/{rel}","templated":true}]}}