{"id":637,"date":"2024-06-13T22:37:00","date_gmt":"2024-06-13T21:37:00","guid":{"rendered":"https:\/\/kopalniacamperpark.pl\/a-propos-de-nous\/"},"modified":"2024-09-02T17:32:03","modified_gmt":"2024-09-02T16:32:03","slug":"a-propos-de-nous","status":"publish","type":"page","link":"https:\/\/kopalniacamperpark.pl\/fr\/a-propos-de-nous\/","title":{"rendered":"\u00c0 Propos De Nous"},"content":{"rendered":"<div class=\"fusion-fullwidth fullwidth-box fusion-builder-row-1 fusion-flex-container has-pattern-background has-mask-background nonhundred-percent-fullwidth non-hundred-percent-height-scrolling\" style=\"--awb-border-radius-top-left:0px;--awb-border-radius-top-right:0px;--awb-border-radius-bottom-right:0px;--awb-border-radius-bottom-left:0px;--awb-padding-top:60px;--awb-padding-bottom:60px;--awb-background-color:var(--awb-color3);--awb-flex-wrap:wrap;\" ><div class=\"fusion-builder-row fusion-row fusion-flex-align-items-center fusion-flex-content-wrap\" style=\"max-width:1248px;margin-left: calc(-4% \/ 2 );margin-right: calc(-4% \/ 2 );\"><div class=\"fusion-layout-column fusion_builder_column fusion-builder-column-0 fusion_builder_column_3_5 3_5 fusion-flex-column\" style=\"--awb-padding-right:90px;--awb-padding-right-small:0px;--awb-bg-size:cover;--awb-width-large:60%;--awb-margin-top-large:0px;--awb-spacing-right-large:3.2%;--awb-margin-bottom-large:0px;--awb-spacing-left-large:3.2%;--awb-width-medium:60%;--awb-order-medium:0;--awb-spacing-right-medium:3.2%;--awb-spacing-left-medium:3.2%;--awb-width-small:100%;--awb-order-small:1;--awb-spacing-right-small:1.92%;--awb-spacing-left-small:1.92%;\"><div class=\"fusion-column-wrapper fusion-column-has-shadow fusion-flex-justify-content-flex-start fusion-content-layout-column\"><div class=\"fusion-title title fusion-title-1 sep-underline sep-solid fusion-title-text fusion-title-size-one\" style=\"--awb-text-color:var(--awb-color7);--awb-text-stroke-size:0px;--awb-sep-color:var(--awb-color5);--awb-font-size:40px;\"><h1 class=\"fusion-title-heading title-heading-left\" style=\"font-family:var(--awb-typography2-font-family);font-weight:var(--awb-typography2-font-weight);font-style:var(--awb-typography2-font-style);margin:0;font-size:1em;text-transform:uppercase;line-height:1.4;\">\u00c0 Propos De Nous<\/h1><\/div><div class=\"fusion-text fusion-text-1\" style=\"--awb-text-color:var(--awb-color7);--awb-text-font-family:var(--awb-typography4-font-family);--awb-text-font-weight:var(--awb-typography4-font-weight);--awb-text-font-style:var(--awb-typography4-font-style);\"><p>\u00c0 la fronti\u00e8re de Wroc\u0142aw, \u00e0 l&#8217;embouchure de la Widawa dans l&rsquo;Oder, dans la zone tampon des for\u00eats et de la zone <strong>Natura 2000<\/strong>, sur le site du complexe de loisirs <strong>Kopalnia Wroc\u0142aw Strefa Wakacji,<\/strong> se trouve le plus beau <strong>KOPALNIA CAMPER PARK <\/strong>de la r\u00e9gion de Wroc\u0142aw, ouvert toute l&rsquo;ann\u00e9e. C&rsquo;est la meilleure base de d\u00e9part pour visiter la capitale de la Basse-Sil\u00e9sie, tout en offrant un contact avec la nature, la paix, la tranquillit\u00e9 et la d\u00e9tente au bord d&rsquo;un magnifique r\u00e9servoir d&rsquo;eau rempli d&rsquo;eau cristalline. Vous y trouverez \u00e9galement de grandes plages, des terrains de sport, des pavillons, des barbecues, une grande aire de jeux, une rampe de mise \u00e0 l&rsquo;eau, une location de cano\u00ebs et de SUP, ainsi qu&rsquo;un fantastique parc aquatique gonflable.  <\/p>\n<p>Nous proposons \u00e0 nos clients des emplacements de camping dans deux standards. 15 emplacements spacieux <strong>Premium <\/strong>sont situ\u00e9s le long de la c\u00f4te et sont \u00e9quip\u00e9s d&rsquo;\u00e9lectricit\u00e9 et d&rsquo;eau potable. 53 emplacements <strong>standard <\/strong>sont un peu plus \u00e9loign\u00e9s de l&rsquo;eau et offrent aux clients l&rsquo;acc\u00e8s \u00e0 l&rsquo;\u00e9lectricit\u00e9.  <\/p>\n<p>Il y a des installations sanitaires, des douches avec eau chaude, un point de vidange des eaux us\u00e9es, et l&rsquo;ensemble du site est cl\u00f4tur\u00e9 et \u00e9clair\u00e9. Pendant la saison estivale, des sauveteurs veillent \u00e0 la s\u00e9curit\u00e9 des visiteurs. <\/p>\n<p>Le vaste terrain de 16 hectares du complexe de loisirs Kopalnia Wroc\u0142aw Strefa Wakacji permet l&rsquo;organisation de rassemblements de camping-cars inoubliables (jusqu&rsquo;\u00e0 300 \u00e9quipages avec&nbsp; acc\u00e8s complet \u00e0 l&rsquo;\u00e9lectricit\u00e9). Nos rassemblements de caravanes se distinguent par un grand nombre d&rsquo;attractions, d&rsquo;activit\u00e9s et &nbsp;d&rsquo;exp\u00e9riences inoubliables que vous ne trouverez pas dans d&rsquo;autres rassemblements. <\/p>\n<p>Nous vous invitons \u00e0 passer un moment agr\u00e9able aux portes de Wroc\u0142aw!<\/p>\n<\/div><\/div><\/div><div class=\"fusion-layout-column fusion_builder_column fusion-builder-column-1 fusion_builder_column_2_5 2_5 fusion-flex-column\" style=\"--awb-bg-size:cover;--awb-width-large:40%;--awb-margin-top-large:0px;--awb-spacing-right-large:0%;--awb-margin-bottom-large:0px;--awb-spacing-left-large:0%;--awb-width-medium:40%;--awb-order-medium:0;--awb-spacing-right-medium:0%;--awb-spacing-left-medium:0%;--awb-width-small:100%;--awb-order-small:0;--awb-spacing-right-small:1.92%;--awb-spacing-left-small:1.92%;\"><div class=\"fusion-column-wrapper fusion-column-has-shadow fusion-flex-justify-content-flex-start fusion-content-layout-column\"><div class=\"fusion-image-element \" style=\"--awb-liftup-border-radius:25px;--awb-caption-title-font-family:var(--h2_typography-font-family);--awb-caption-title-font-weight:var(--h2_typography-font-weight);--awb-caption-title-font-style:var(--h2_typography-font-style);--awb-caption-title-size:var(--h2_typography-font-size);--awb-caption-title-transform:var(--h2_typography-text-transform);--awb-caption-title-line-height:var(--h2_typography-line-height);--awb-caption-title-letter-spacing:var(--h2_typography-letter-spacing);\"><div class=\"awb-image-frame awb-image-frame-1 imageframe-liftup imageframe-1\"><span class=\" fusion-imageframe imageframe-glow imageframe-1\" style=\"border-radius:25px;-webkit-box-shadow: 0 0 10px hsla(var(--awb-color8-h),var(--awb-color8-s),var(--awb-color8-l),calc(var(--awb-color8-a) - 35%));box-shadow: 0 0 10px hsla(var(--awb-color8-h),var(--awb-color8-s),var(--awb-color8-l),calc(var(--awb-color8-a) - 35%));\"><img decoding=\"async\" width=\"800\" height=\"450\" title=\"kopalnia-camper-park_feature_o-nas\" src=\"http:\/\/kopalniacamperpark.pl\/wp-content\/uploads\/2024\/06\/kopalnia-camper-park_feature_o-nas.jpg\" alt class=\"img-responsive wp-image-486\" srcset=\"https:\/\/kopalniacamperpark.pl\/wp-content\/uploads\/2024\/06\/kopalnia-camper-park_feature_o-nas-200x113.jpg 200w, https:\/\/kopalniacamperpark.pl\/wp-content\/uploads\/2024\/06\/kopalnia-camper-park_feature_o-nas-400x225.jpg 400w, https:\/\/kopalniacamperpark.pl\/wp-content\/uploads\/2024\/06\/kopalnia-camper-park_feature_o-nas-600x338.jpg 600w, https:\/\/kopalniacamperpark.pl\/wp-content\/uploads\/2024\/06\/kopalnia-camper-park_feature_o-nas.jpg 800w\" sizes=\"(max-width: 640px) 100vw, 600px\" \/><\/span><\/div><\/div><\/div><\/div><\/div><\/div>\n","protected":false},"excerpt":{"rendered":"","protected":false},"author":2,"featured_media":0,"parent":0,"menu_order":1,"comment_status":"closed","ping_status":"closed","template":"100-width.php","meta":{"footnotes":""},"class_list":["post-637","page","type-page","status-publish","hentry"],"_links":{"self":[{"href":"https:\/\/kopalniacamperpark.pl\/fr\/wp-json\/wp\/v2\/pages\/637","targetHints":{"allow":["GET"]}}],"collection":[{"href":"https:\/\/kopalniacamperpark.pl\/fr\/wp-json\/wp\/v2\/pages"}],"about":[{"href":"https:\/\/kopalniacamperpark.pl\/fr\/wp-json\/wp\/v2\/types\/page"}],"author":[{"embeddable":true,"href":"https:\/\/kopalniacamperpark.pl\/fr\/wp-json\/wp\/v2\/users\/2"}],"replies":[{"embeddable":true,"href":"https:\/\/kopalniacamperpark.pl\/fr\/wp-json\/wp\/v2\/comments?post=637"}],"version-history":[{"count":2,"href":"https:\/\/kopalniacamperpark.pl\/fr\/wp-json\/wp\/v2\/pages\/637\/revisions"}],"predecessor-version":[{"id":639,"href":"https:\/\/kopalniacamperpark.pl\/fr\/wp-json\/wp\/v2\/pages\/637\/revisions\/639"}],"wp:attachment":[{"href":"https:\/\/kopalniacamperpark.pl\/fr\/wp-json\/wp\/v2\/media?parent=637"}],"curies":[{"name":"wp","href":"https:\/\/api.w.org\/{rel}","templated":true}]}}