{"id":677,"date":"2024-06-13T22:37:00","date_gmt":"2024-06-13T21:37:00","guid":{"rendered":"https:\/\/kopalniacamperpark.pl\/ueber-uns\/"},"modified":"2024-09-02T18:15:40","modified_gmt":"2024-09-02T17:15:40","slug":"ueber-uns","status":"publish","type":"page","link":"https:\/\/kopalniacamperpark.pl\/de\/ueber-uns\/","title":{"rendered":"\u00dcber uns"},"content":{"rendered":"<div class=\"fusion-fullwidth fullwidth-box fusion-builder-row-1 fusion-flex-container has-pattern-background has-mask-background nonhundred-percent-fullwidth non-hundred-percent-height-scrolling\" style=\"--awb-border-radius-top-left:0px;--awb-border-radius-top-right:0px;--awb-border-radius-bottom-right:0px;--awb-border-radius-bottom-left:0px;--awb-padding-top:60px;--awb-padding-bottom:60px;--awb-background-color:var(--awb-color3);--awb-flex-wrap:wrap;\" ><div class=\"fusion-builder-row fusion-row fusion-flex-align-items-center fusion-flex-content-wrap\" style=\"max-width:1248px;margin-left: calc(-4% \/ 2 );margin-right: calc(-4% \/ 2 );\"><div class=\"fusion-layout-column fusion_builder_column fusion-builder-column-0 fusion_builder_column_3_5 3_5 fusion-flex-column\" style=\"--awb-padding-right:90px;--awb-padding-right-small:0px;--awb-bg-size:cover;--awb-width-large:60%;--awb-margin-top-large:0px;--awb-spacing-right-large:3.2%;--awb-margin-bottom-large:0px;--awb-spacing-left-large:3.2%;--awb-width-medium:60%;--awb-order-medium:0;--awb-spacing-right-medium:3.2%;--awb-spacing-left-medium:3.2%;--awb-width-small:100%;--awb-order-small:1;--awb-spacing-right-small:1.92%;--awb-spacing-left-small:1.92%;\"><div class=\"fusion-column-wrapper fusion-column-has-shadow fusion-flex-justify-content-flex-start fusion-content-layout-column\"><div class=\"fusion-title title fusion-title-1 sep-underline sep-solid fusion-title-text fusion-title-size-one\" style=\"--awb-text-color:var(--awb-color7);--awb-text-stroke-size:0px;--awb-sep-color:var(--awb-color5);--awb-font-size:40px;\"><h1 class=\"fusion-title-heading title-heading-left\" style=\"font-family:var(--awb-typography2-font-family);font-weight:var(--awb-typography2-font-weight);font-style:var(--awb-typography2-font-style);margin:0;font-size:1em;text-transform:uppercase;line-height:1.4;\">\u00dcber uns<\/h1><\/div><div class=\"fusion-text fusion-text-1\" style=\"--awb-text-color:var(--awb-color7);--awb-text-font-family:var(--awb-typography4-font-family);--awb-text-font-weight:var(--awb-typography4-font-weight);--awb-text-font-style:var(--awb-typography4-font-style);\"><p>An der Grenze von Wroc\u0142aw, an der M\u00fcndung der Widawa in die Odra, im Pufferzone der W\u00e4lder und des <strong>Natura-2000<\/strong>-Gebiets, auf dem Gel\u00e4nde der Erholungsanlage <strong>Kopalnia Wroc\u0142aw Strefa Wakacji<\/strong>, befindet sich der am sch\u00f6nsten gelegene Ganzjahres-<strong>KOPALNIA CAMPER PARK<\/strong> in der Region von Wroc\u0142aw. Es ist die beste Ausgangsbasis f\u00fcr einen Besuch der Hauptstadt von Niederschlesien und bietet gleichzeitig Kontakt zur Natur, Frieden, Ruhe und Entspannung an einem wundersch\u00f6nen, mit kristallklarem Wasser gef\u00fcllten Wasserreservoir. Hier finden Sie auch gro\u00dfe Str\u00e4nde, Sportpl\u00e4tze, Pavillons, Grills, einen gro\u00dfen Spielplatz, einen Slip, einen Kanu- und SUP-Verleih sowie einen fantastischen aufblasbaren Wasserpark.  <\/p>\n<p>Wir bieten unseren G\u00e4sten Stellpl\u00e4tze in zwei Standards. 15 ger\u00e4umige <strong>Premium<\/strong>-Stellpl\u00e4tze befinden sich entlang der K\u00fcste und sind mit Strom und Trinkwasser ausgestattet. 53 <strong>Standard<\/strong>-Stellpl\u00e4tze sind etwas weiter vom Wasser entfernt und bieten den G\u00e4sten Zugang zum Strom.  <\/p>\n<p>Es gibt Sanit\u00e4ranlagen, Duschen mit warmem Wasser, eine Abwasserentsorgungsstelle und das gesamte Gel\u00e4nde ist eingez\u00e4unt und beleuchtet. W\u00e4hrend der Sommersaison k\u00fcmmern sich Wasserretter um die Sicherheit der G\u00e4ste. <\/p>\n<p>Die riesige 16 Hektar gro\u00dfe Fl\u00e4che der Erholungsanlage Kopalnia Wroc\u0142aw Strefa Wakacji erm\u00f6glicht die Organisation unvergesslicher Camper-Rallyes (selbst bis zu 300 Crews mit&nbsp; vollem Stromzugang). Unsere Caravan-Rallyes zeichnen sich durch eine riesige Anzahl von Attraktionen, Aktivit\u00e4ten und &nbsp;unvergesslichen Erlebnissen aus, die Sie auf anderen Rallyes nicht finden werden. <\/p>\n<p>Wir laden Sie ein, eine sch\u00f6ne Zeit direkt vor Wroc\u0142aw zu verbringen<\/p>\n<\/div><\/div><\/div><div class=\"fusion-layout-column fusion_builder_column fusion-builder-column-1 fusion_builder_column_2_5 2_5 fusion-flex-column\" style=\"--awb-bg-size:cover;--awb-width-large:40%;--awb-margin-top-large:0px;--awb-spacing-right-large:0%;--awb-margin-bottom-large:0px;--awb-spacing-left-large:0%;--awb-width-medium:40%;--awb-order-medium:0;--awb-spacing-right-medium:0%;--awb-spacing-left-medium:0%;--awb-width-small:100%;--awb-order-small:0;--awb-spacing-right-small:1.92%;--awb-spacing-left-small:1.92%;\"><div class=\"fusion-column-wrapper fusion-column-has-shadow fusion-flex-justify-content-flex-start fusion-content-layout-column\"><div class=\"fusion-image-element \" style=\"--awb-liftup-border-radius:25px;--awb-caption-title-font-family:var(--h2_typography-font-family);--awb-caption-title-font-weight:var(--h2_typography-font-weight);--awb-caption-title-font-style:var(--h2_typography-font-style);--awb-caption-title-size:var(--h2_typography-font-size);--awb-caption-title-transform:var(--h2_typography-text-transform);--awb-caption-title-line-height:var(--h2_typography-line-height);--awb-caption-title-letter-spacing:var(--h2_typography-letter-spacing);\"><div class=\"awb-image-frame awb-image-frame-1 imageframe-liftup imageframe-1\"><span class=\" fusion-imageframe imageframe-glow imageframe-1\" style=\"border-radius:25px;-webkit-box-shadow: 0 0 10px hsla(var(--awb-color8-h),var(--awb-color8-s),var(--awb-color8-l),calc(var(--awb-color8-a) - 35%));box-shadow: 0 0 10px hsla(var(--awb-color8-h),var(--awb-color8-s),var(--awb-color8-l),calc(var(--awb-color8-a) - 35%));\"><img decoding=\"async\" width=\"800\" height=\"450\" title=\"kopalnia-camper-park_feature_o-nas\" src=\"http:\/\/kopalniacamperpark.pl\/wp-content\/uploads\/2024\/06\/kopalnia-camper-park_feature_o-nas.jpg\" alt class=\"img-responsive wp-image-487\" srcset=\"https:\/\/kopalniacamperpark.pl\/wp-content\/uploads\/2024\/06\/kopalnia-camper-park_feature_o-nas-200x113.jpg 200w, https:\/\/kopalniacamperpark.pl\/wp-content\/uploads\/2024\/06\/kopalnia-camper-park_feature_o-nas-400x225.jpg 400w, https:\/\/kopalniacamperpark.pl\/wp-content\/uploads\/2024\/06\/kopalnia-camper-park_feature_o-nas-600x338.jpg 600w, https:\/\/kopalniacamperpark.pl\/wp-content\/uploads\/2024\/06\/kopalnia-camper-park_feature_o-nas.jpg 800w\" sizes=\"(max-width: 640px) 100vw, 600px\" \/><\/span><\/div><\/div><\/div><\/div><\/div><\/div>\n","protected":false},"excerpt":{"rendered":"","protected":false},"author":2,"featured_media":0,"parent":0,"menu_order":1,"comment_status":"closed","ping_status":"closed","template":"100-width.php","meta":{"footnotes":""},"class_list":["post-677","page","type-page","status-publish","hentry"],"_links":{"self":[{"href":"https:\/\/kopalniacamperpark.pl\/de\/wp-json\/wp\/v2\/pages\/677","targetHints":{"allow":["GET"]}}],"collection":[{"href":"https:\/\/kopalniacamperpark.pl\/de\/wp-json\/wp\/v2\/pages"}],"about":[{"href":"https:\/\/kopalniacamperpark.pl\/de\/wp-json\/wp\/v2\/types\/page"}],"author":[{"embeddable":true,"href":"https:\/\/kopalniacamperpark.pl\/de\/wp-json\/wp\/v2\/users\/2"}],"replies":[{"embeddable":true,"href":"https:\/\/kopalniacamperpark.pl\/de\/wp-json\/wp\/v2\/comments?post=677"}],"version-history":[{"count":2,"href":"https:\/\/kopalniacamperpark.pl\/de\/wp-json\/wp\/v2\/pages\/677\/revisions"}],"predecessor-version":[{"id":679,"href":"https:\/\/kopalniacamperpark.pl\/de\/wp-json\/wp\/v2\/pages\/677\/revisions\/679"}],"wp:attachment":[{"href":"https:\/\/kopalniacamperpark.pl\/de\/wp-json\/wp\/v2\/media?parent=677"}],"curies":[{"name":"wp","href":"https:\/\/api.w.org\/{rel}","templated":true}]}}